{"id":7054,"date":"2025-09-11T21:05:58","date_gmt":"2025-09-12T01:05:58","guid":{"rendered":"https:\/\/www.logementsgranbyodyssees.com\/?page_id=7054"},"modified":"2025-09-17T15:57:46","modified_gmt":"2025-09-17T19:57:46","slug":"conseils","status":"publish","type":"page","link":"https:\/\/www.logementsgranbyodyssees.com\/fr\/conseils\/","title":{"rendered":"Conseils"},"content":{"rendered":"<div class=\"wpb-content-wrapper\"><div class=\"vc_row wpb_row vc_row-fluid\"><div class=\"wpb_column vc_column_container vc_col-sm-12\"><div class=\"vc_column-inner\"><div class=\"wpb_wrapper\">    <div class=\"archive-wrap clearfix  archive-large-image\">\n        <div class=\"blog-wrap clearfix\">\n\t\t\t<article id=\"post-7035\"  class=\"gf-item-wrap clearfix post-large-image post-7035 post type-post status-publish format-standard hentry\">\n\t\n    \t<div class=\"entry-post-meta clearfix\">\n\t\t<div class=\"entry-meta-date\">\n\t\t\t<i class=\"icon-calendar2\"><\/i> <a href=\"https:\/\/www.logementsgranbyodyssees.com\/fr\/top-5-des-avantages-de-louer-un-appartement-a-granby\/\">11 septembre 2025<\/a>\t\t<\/div>\n\t\t<div class=\"entry-meta-author\">\n\t\t\t<i class=\"icon-user2\"><\/i> <a href=\"https:\/\/www.logementsgranbyodyssees.com\/fr\/author\/admin\/\">Les logements Odyss\u00e9es<\/a>\t\t<\/div>\n\t\t<div class=\"entry-meta-cat\">\n\t\t\t<i class=\"icon-tags2\"><\/i>\n\n\t\t\t\t\t\t<\/div>\n\t\t\t\t\t<div class=\"entry-meta-comment\">\n\t\t\t\t<a href=\"https:\/\/www.logementsgranbyodyssees.com\/fr\/top-5-des-avantages-de-louer-un-appartement-a-granby\/#respond\"><i class=\"icon-bubbles2\"><\/i> 0 comments<\/a>\t\t\t<\/div>\n\t\t\t<\/div>\n\t<div class=\"entry-content-wrap\">\n\t\t<h3 class=\"entry-post-title\"><a title=\"Top 5 des avantages de louer un appartement \u00e0 Granby\"\n\t\t\t\t\t\t\t\t\t\thref=\"https:\/\/www.logementsgranbyodyssees.com\/fr\/top-5-des-avantages-de-louer-un-appartement-a-granby\/\">Top 5 des avantages de louer un appartement \u00e0 Granby<\/a><\/h3>\n\t\t<div class=\"entry-excerpt\">\n\t\t\t<p>La location d\u2019un logement \u00e0 Granby pr\u00e9sente de nombreux avantages, que vous soyez jeune professionnel ou parent de famille. Voici pourquoi Granby est une excellente option. 1. Un co\u00fbt de vie abordable Les appartements \u00e0 louer \u00e0 Granby sont g\u00e9n\u00e9ralement plus accessibles que dans les grandes villes comme Montr\u00e9al. 2. Une vari\u00e9t\u00e9 de logements De [&hellip;]<\/p>\n\t\t<\/div>\n\t\t<a href=\"https:\/\/www.logementsgranbyodyssees.com\/fr\/top-5-des-avantages-de-louer-un-appartement-a-granby\/\" class=\"blog-read-more\">\n\t\t\tRead More\t\t<\/a>\n\t<\/div>\n<\/article>\n<article id=\"post-7033\"  class=\"gf-item-wrap clearfix post-large-image post-7033 post type-post status-publish format-standard has-post-thumbnail hentry\">\n\t\n            <div class=\"entry-thumb-wrap\">\n            <div class=\"entry-thumbnail\">\n\t\t\t<a href=\"https:\/\/www.logementsgranbyodyssees.com\/fr\/comment-trouver-rapidement-un-logement-de-qualite-a-granby\/\" title=\"Comment trouver rapidement un logement de qualit\u00e9 \u00e0 Granby ?\" class=\"entry-thumbnail-overlay\">\n\t\t\t\t\t\t<img decoding=\"async\" width='1170' height='380' src=\"https:\/\/www.logementsgranbyodyssees.com\/wp-content\/uploads\/2024\/09\/face-scaled-1170x380.jpg\"\n\t\t\t                                           alt=\"Comment trouver rapidement un logement de qualit\u00e9 \u00e0 Granby ?\" class=\"img-responsive\">\n\t\t\t\t<\/a>\n\t<a data-thumb-src=\"https:\/\/www.logementsgranbyodyssees.com\/wp-content\/uploads\/2024\/09\/face-150x150.jpg\" data-gallery-id=\"2141814516\"\n\t   data-rel=\"lightGallery\" href=\"https:\/\/www.logementsgranbyodyssees.com\/wp-content\/uploads\/2024\/09\/face-scaled.jpg\" class=\"zoomGallery\"><i\n\t\t\tclass=\"fa fa-expand\"><\/i><\/a>\n<\/div>        <\/div>\n    \t<div class=\"entry-post-meta clearfix\">\n\t\t<div class=\"entry-meta-date\">\n\t\t\t<i class=\"icon-calendar2\"><\/i> <a href=\"https:\/\/www.logementsgranbyodyssees.com\/fr\/comment-trouver-rapidement-un-logement-de-qualite-a-granby\/\">11 septembre 2025<\/a>\t\t<\/div>\n\t\t<div class=\"entry-meta-author\">\n\t\t\t<i class=\"icon-user2\"><\/i> <a href=\"https:\/\/www.logementsgranbyodyssees.com\/fr\/author\/admin\/\">Les logements Odyss\u00e9es<\/a>\t\t<\/div>\n\t\t<div class=\"entry-meta-cat\">\n\t\t\t<i class=\"icon-tags2\"><\/i>\n\n\t\t\t\t\t\t<\/div>\n\t\t\t\t\t<div class=\"entry-meta-comment\">\n\t\t\t\t<a href=\"https:\/\/www.logementsgranbyodyssees.com\/fr\/comment-trouver-rapidement-un-logement-de-qualite-a-granby\/#respond\"><i class=\"icon-bubbles2\"><\/i> 0 comments<\/a>\t\t\t<\/div>\n\t\t\t<\/div>\n\t<div class=\"entry-content-wrap\">\n\t\t<h3 class=\"entry-post-title\"><a title=\"Comment trouver rapidement un logement de qualit\u00e9 \u00e0 Granby ?\"\n\t\t\t\t\t\t\t\t\t\thref=\"https:\/\/www.logementsgranbyodyssees.com\/fr\/comment-trouver-rapidement-un-logement-de-qualite-a-granby\/\">Comment trouver rapidement un logement de qualit\u00e9 \u00e0 Granby ?<\/a><\/h3>\n\t\t<div class=\"entry-excerpt\">\n\t\t\t<p>La recherche d\u2019un appartement \u00e0 louer \u00e0 Granby peut sembler difficile si l\u2019on ne sait pas o\u00f9 chercher. Voici quelques conseils pour trouver un logement moderne et bien situ\u00e9 en Estrie. Identifier vos besoins en logement Un logement 4\u00bd \u00e0 Granby conviendraaux jeunes couples, tandis qu\u2019un appartement 5\u00bd est id\u00e9al pour une famille. Utiliser les [&hellip;]<\/p>\n\t\t<\/div>\n\t\t<a href=\"https:\/\/www.logementsgranbyodyssees.com\/fr\/comment-trouver-rapidement-un-logement-de-qualite-a-granby\/\" class=\"blog-read-more\">\n\t\t\tRead More\t\t<\/a>\n\t<\/div>\n<\/article>\n<article id=\"post-7031\"  class=\"gf-item-wrap clearfix post-large-image post-7031 post type-post status-publish format-standard has-post-thumbnail hentry\">\n\t\n            <div class=\"entry-thumb-wrap\">\n            <div class=\"entry-thumbnail\">\n\t\t\t<a href=\"https:\/\/www.logementsgranbyodyssees.com\/fr\/pourquoi-louer-un-appartement-a-granby-est-un-excellent-choix\/\" title=\"Pourquoi louer un appartement \u00e0 Granby est un excellent choix ?\" class=\"entry-thumbnail-overlay\">\n\t\t\t\t\t\t<img decoding=\"async\" width='1170' height='380' src=\"https:\/\/www.logementsgranbyodyssees.com\/wp-content\/uploads\/2024\/09\/salon-1-1-1170x380.jpg\"\n\t\t\t                                           alt=\"Pourquoi louer un appartement \u00e0 Granby est un excellent choix ?\" class=\"img-responsive\">\n\t\t\t\t<\/a>\n\t<a data-thumb-src=\"https:\/\/www.logementsgranbyodyssees.com\/wp-content\/uploads\/2024\/09\/salon-1-1-150x150.jpg\" data-gallery-id=\"1133540008\"\n\t   data-rel=\"lightGallery\" href=\"https:\/\/www.logementsgranbyodyssees.com\/wp-content\/uploads\/2024\/09\/salon-1-1.jpg\" class=\"zoomGallery\"><i\n\t\t\tclass=\"fa fa-expand\"><\/i><\/a>\n<\/div>        <\/div>\n    \t<div class=\"entry-post-meta clearfix\">\n\t\t<div class=\"entry-meta-date\">\n\t\t\t<i class=\"icon-calendar2\"><\/i> <a href=\"https:\/\/www.logementsgranbyodyssees.com\/fr\/pourquoi-louer-un-appartement-a-granby-est-un-excellent-choix\/\">11 septembre 2025<\/a>\t\t<\/div>\n\t\t<div class=\"entry-meta-author\">\n\t\t\t<i class=\"icon-user2\"><\/i> <a href=\"https:\/\/www.logementsgranbyodyssees.com\/fr\/author\/admin\/\">Les logements Odyss\u00e9es<\/a>\t\t<\/div>\n\t\t<div class=\"entry-meta-cat\">\n\t\t\t<i class=\"icon-tags2\"><\/i>\n\n\t\t\t\t\t\t<\/div>\n\t\t\t\t\t<div class=\"entry-meta-comment\">\n\t\t\t\t<a href=\"https:\/\/www.logementsgranbyodyssees.com\/fr\/pourquoi-louer-un-appartement-a-granby-est-un-excellent-choix\/#respond\"><i class=\"icon-bubbles2\"><\/i> 0 comments<\/a>\t\t\t<\/div>\n\t\t\t<\/div>\n\t<div class=\"entry-content-wrap\">\n\t\t<h3 class=\"entry-post-title\"><a title=\"Pourquoi louer un appartement \u00e0 Granby est un excellent choix ?\"\n\t\t\t\t\t\t\t\t\t\thref=\"https:\/\/www.logementsgranbyodyssees.com\/fr\/pourquoi-louer-un-appartement-a-granby-est-un-excellent-choix\/\">Pourquoi louer un appartement \u00e0 Granby est un excellent choix ?<\/a><\/h3>\n\t\t<div class=\"entry-excerpt\">\n\t\t\t<p>La recherche d\u2019un logement \u00e0 louer \u00e0 Granby attire de plus en plus de familles et professionnels. Situ\u00e9e en Estrie, Granby est une ville dynamique qui combine qualit\u00e9 de vie, acc\u00e8s aux services et logements abordables. Des appartements \u00e0 Granby adapt\u00e9s \u00e0 tous les besoins Que vous cherchiez un appartement 4\u00bd ou 5\u00bd \u00e0 Granby, [&hellip;]<\/p>\n\t\t<\/div>\n\t\t<a href=\"https:\/\/www.logementsgranbyodyssees.com\/fr\/pourquoi-louer-un-appartement-a-granby-est-un-excellent-choix\/\" class=\"blog-read-more\">\n\t\t\tRead More\t\t<\/a>\n\t<\/div>\n<\/article>\n        <\/div>\n\t\t    <\/div>\n<\/div><\/div><\/div><\/div>\n<\/div>","protected":false},"excerpt":{"rendered":"La recherche d\u2019un logement \u00e0 louer \u00e0 Granby attire de plus en plus de familles et professionnels. Situ\u00e9e en Estrie, Granby est une ville dynamique qui combine qualit\u00e9 de vie, acc\u00e8s aux services et logements abordables. Des appartements \u00e0 Granby adapt\u00e9s \u00e0 tous les besoins Que vous cherchiez un appartement 4\u00bd ou 5\u00bd \u00e0 Granby, [...]","protected":false},"author":1,"featured_media":0,"parent":0,"menu_order":0,"comment_status":"closed","ping_status":"closed","template":"","meta":{"footnotes":""},"class_list":["post-7054","page","type-page","status-publish","hentry"],"yoast_head":"<!-- This site is optimized with the Yoast SEO plugin v27.4 - https:\/\/yoast.com\/product\/yoast-seo-wordpress\/ -->\n<title>Conseils - Location de logements de qualit\u00e9 \u00e0 Granby \u2013 Les logements Odyss\u00e9es<\/title>\n<meta name=\"description\" content=\"D\u00e9couvrez nos conseils pratiques pour trouver et louer un logement \u00e0 Granby. Appartements 3\u00bd, 4\u00bd et 5\u00bd modernes, confortables et bien situ\u00e9s.\" \/>\n<meta name=\"robots\" content=\"index, follow, max-snippet:-1, max-image-preview:large, max-video-preview:-1\" \/>\n<link rel=\"canonical\" href=\"https:\/\/www.logementsgranbyodyssees.com\/fr\/conseils\/\" \/>\n<meta property=\"og:locale\" content=\"fr_FR\" \/>\n<meta property=\"og:type\" content=\"article\" \/>\n<meta property=\"og:title\" content=\"Conseils - Location de logements de qualit\u00e9 \u00e0 Granby \u2013 Les logements Odyss\u00e9es\" \/>\n<meta property=\"og:description\" content=\"D\u00e9couvrez nos conseils pratiques pour trouver et louer un logement \u00e0 Granby. Appartements 3\u00bd, 4\u00bd et 5\u00bd modernes, confortables et bien situ\u00e9s.\" \/>\n<meta property=\"og:url\" content=\"https:\/\/www.logementsgranbyodyssees.com\/fr\/conseils\/\" \/>\n<meta property=\"og:site_name\" content=\"Location de logements de qualit\u00e9 \u00e0 Granby \u2013 Les logements Odyss\u00e9es\" \/>\n<meta property=\"article:modified_time\" content=\"2025-09-17T19:57:46+00:00\" \/>\n<meta name=\"twitter:card\" content=\"summary_large_image\" \/>\n<meta name=\"twitter:label1\" content=\"Dur\u00e9e de lecture estim\u00e9e\" \/>\n\t<meta name=\"twitter:data1\" content=\"1 minute\" \/>\n<script type=\"application\/ld+json\" class=\"yoast-schema-graph\">{\"@context\":\"https:\\\/\\\/schema.org\",\"@graph\":[{\"@type\":\"WebPage\",\"@id\":\"https:\\\/\\\/www.logementsgranbyodyssees.com\\\/conseils\\\/\",\"url\":\"https:\\\/\\\/www.logementsgranbyodyssees.com\\\/conseils\\\/\",\"name\":\"Conseils - Location de logements de qualit\u00e9 \u00e0 Granby \u2013 Les logements Odyss\u00e9es\",\"isPartOf\":{\"@id\":\"https:\\\/\\\/www.logementsgranbyodyssees.com\\\/#website\"},\"datePublished\":\"2025-09-12T01:05:58+00:00\",\"dateModified\":\"2025-09-17T19:57:46+00:00\",\"description\":\"D\u00e9couvrez nos conseils pratiques pour trouver et louer un logement \u00e0 Granby. Appartements 3\u00bd, 4\u00bd et 5\u00bd modernes, confortables et bien situ\u00e9s.\",\"breadcrumb\":{\"@id\":\"https:\\\/\\\/www.logementsgranbyodyssees.com\\\/conseils\\\/#breadcrumb\"},\"inLanguage\":\"fr-FR\",\"potentialAction\":[{\"@type\":\"ReadAction\",\"target\":[\"https:\\\/\\\/www.logementsgranbyodyssees.com\\\/conseils\\\/\"]}]},{\"@type\":\"BreadcrumbList\",\"@id\":\"https:\\\/\\\/www.logementsgranbyodyssees.com\\\/conseils\\\/#breadcrumb\",\"itemListElement\":[{\"@type\":\"ListItem\",\"position\":1,\"name\":\"Accueil\",\"item\":\"https:\\\/\\\/www.logementsgranbyodyssees.com\\\/\"},{\"@type\":\"ListItem\",\"position\":2,\"name\":\"Conseils\"}]},{\"@type\":\"WebSite\",\"@id\":\"https:\\\/\\\/www.logementsgranbyodyssees.com\\\/#website\",\"url\":\"https:\\\/\\\/www.logementsgranbyodyssees.com\\\/\",\"name\":\"Location de logements de qualit\u00e9 \u00e0 Granby \u2013 Les logements Odyss\u00e9es\",\"description\":\"\",\"potentialAction\":[{\"@type\":\"SearchAction\",\"target\":{\"@type\":\"EntryPoint\",\"urlTemplate\":\"https:\\\/\\\/www.logementsgranbyodyssees.com\\\/?s={search_term_string}\"},\"query-input\":{\"@type\":\"PropertyValueSpecification\",\"valueRequired\":true,\"valueName\":\"search_term_string\"}}],\"inLanguage\":\"fr-FR\"}]}<\/script>\n<!-- \/ Yoast SEO plugin. -->","yoast_head_json":{"title":"Conseils - Location de logements de qualit\u00e9 \u00e0 Granby \u2013 Les logements Odyss\u00e9es","description":"D\u00e9couvrez nos conseils pratiques pour trouver et louer un logement \u00e0 Granby. Appartements 3\u00bd, 4\u00bd et 5\u00bd modernes, confortables et bien situ\u00e9s.","robots":{"index":"index","follow":"follow","max-snippet":"max-snippet:-1","max-image-preview":"max-image-preview:large","max-video-preview":"max-video-preview:-1"},"canonical":"https:\/\/www.logementsgranbyodyssees.com\/fr\/conseils\/","og_locale":"fr_FR","og_type":"article","og_title":"Conseils - Location de logements de qualit\u00e9 \u00e0 Granby \u2013 Les logements Odyss\u00e9es","og_description":"D\u00e9couvrez nos conseils pratiques pour trouver et louer un logement \u00e0 Granby. Appartements 3\u00bd, 4\u00bd et 5\u00bd modernes, confortables et bien situ\u00e9s.","og_url":"https:\/\/www.logementsgranbyodyssees.com\/fr\/conseils\/","og_site_name":"Location de logements de qualit\u00e9 \u00e0 Granby \u2013 Les logements Odyss\u00e9es","article_modified_time":"2025-09-17T19:57:46+00:00","twitter_card":"summary_large_image","twitter_misc":{"Dur\u00e9e de lecture estim\u00e9e":"1 minute"},"schema":{"@context":"https:\/\/schema.org","@graph":[{"@type":"WebPage","@id":"https:\/\/www.logementsgranbyodyssees.com\/conseils\/","url":"https:\/\/www.logementsgranbyodyssees.com\/conseils\/","name":"Conseils - Location de logements de qualit\u00e9 \u00e0 Granby \u2013 Les logements Odyss\u00e9es","isPartOf":{"@id":"https:\/\/www.logementsgranbyodyssees.com\/#website"},"datePublished":"2025-09-12T01:05:58+00:00","dateModified":"2025-09-17T19:57:46+00:00","description":"D\u00e9couvrez nos conseils pratiques pour trouver et louer un logement \u00e0 Granby. Appartements 3\u00bd, 4\u00bd et 5\u00bd modernes, confortables et bien situ\u00e9s.","breadcrumb":{"@id":"https:\/\/www.logementsgranbyodyssees.com\/conseils\/#breadcrumb"},"inLanguage":"fr-FR","potentialAction":[{"@type":"ReadAction","target":["https:\/\/www.logementsgranbyodyssees.com\/conseils\/"]}]},{"@type":"BreadcrumbList","@id":"https:\/\/www.logementsgranbyodyssees.com\/conseils\/#breadcrumb","itemListElement":[{"@type":"ListItem","position":1,"name":"Accueil","item":"https:\/\/www.logementsgranbyodyssees.com\/"},{"@type":"ListItem","position":2,"name":"Conseils"}]},{"@type":"WebSite","@id":"https:\/\/www.logementsgranbyodyssees.com\/#website","url":"https:\/\/www.logementsgranbyodyssees.com\/","name":"Location de logements de qualit\u00e9 \u00e0 Granby \u2013 Les logements Odyss\u00e9es","description":"","potentialAction":[{"@type":"SearchAction","target":{"@type":"EntryPoint","urlTemplate":"https:\/\/www.logementsgranbyodyssees.com\/?s={search_term_string}"},"query-input":{"@type":"PropertyValueSpecification","valueRequired":true,"valueName":"search_term_string"}}],"inLanguage":"fr-FR"}]}},"_links":{"self":[{"href":"https:\/\/www.logementsgranbyodyssees.com\/fr\/wp-json\/wp\/v2\/pages\/7054","targetHints":{"allow":["GET"]}}],"collection":[{"href":"https:\/\/www.logementsgranbyodyssees.com\/fr\/wp-json\/wp\/v2\/pages"}],"about":[{"href":"https:\/\/www.logementsgranbyodyssees.com\/fr\/wp-json\/wp\/v2\/types\/page"}],"author":[{"embeddable":true,"href":"https:\/\/www.logementsgranbyodyssees.com\/fr\/wp-json\/wp\/v2\/users\/1"}],"replies":[{"embeddable":true,"href":"https:\/\/www.logementsgranbyodyssees.com\/fr\/wp-json\/wp\/v2\/comments?post=7054"}],"version-history":[{"count":3,"href":"https:\/\/www.logementsgranbyodyssees.com\/fr\/wp-json\/wp\/v2\/pages\/7054\/revisions"}],"predecessor-version":[{"id":7070,"href":"https:\/\/www.logementsgranbyodyssees.com\/fr\/wp-json\/wp\/v2\/pages\/7054\/revisions\/7070"}],"wp:attachment":[{"href":"https:\/\/www.logementsgranbyodyssees.com\/fr\/wp-json\/wp\/v2\/media?parent=7054"}],"curies":[{"name":"wp","href":"https:\/\/api.w.org\/{rel}","templated":true}]}}