{"id":6980,"date":"2024-09-19T14:14:28","date_gmt":"2024-09-19T18:14:28","guid":{"rendered":"https:\/\/www.logementsgranbyodyssees.com\/?page_id=6980"},"modified":"2024-09-19T14:21:02","modified_gmt":"2024-09-19T18:21:02","slug":"politique-de-confidentialite","status":"publish","type":"page","link":"https:\/\/www.logementsgranbyodyssees.com\/fr\/politique-de-confidentialite\/","title":{"rendered":"Politique de confidentialit\u00e9"},"content":{"rendered":"<div data-elementor-type=\"wp-page\" data-elementor-id=\"6980\" class=\"elementor elementor-6980\" data-elementor-post-type=\"page\">\n\t\t\t\t\t\t<section class=\"elementor-section elementor-top-section elementor-element elementor-element-6243cbb4c562f elementor-section-boxed elementor-section-height-default elementor-section-height-default\" data-id=\"6243cbb4c562f\" data-element_type=\"section\" data-e-type=\"section\">\n\t\t\t\t\t\t<div class=\"elementor-container elementor-column-gap-default\">\n\t\t\t\t\t<div class=\"elementor-column elementor-col-100 elementor-top-column elementor-element elementor-element-f7911ad\" data-id=\"f7911ad\" data-element_type=\"column\" data-e-type=\"column\">\n\t\t\t<div class=\"elementor-widget-wrap elementor-element-populated\">\n\t\t\t\t\t\t<div class=\"elementor-element elementor-element-1df9672 elementor-widget elementor-widget-text-editor\" data-id=\"1df9672\" data-element_type=\"widget\" data-e-type=\"widget\" data-widget_type=\"text-editor.default\">\n\t\t\t\t<div class=\"elementor-widget-container\">\n\t\t\t\t\t\t\t\t\t<div id=\"wb_page56Text1\"><span id=\"wb_uid10\"><strong>Introduction<\/strong><br \/><\/span><\/div><div><span id=\"wb_uid10\">Devant le d\u00e9veloppement des nouveaux outils de communication, il est n\u00e9cessaire de porter une attention particuli\u00e8re \u00e0 la protection de la vie priv\u00e9e. C&rsquo;est pourquoi, nous nous engageons \u00e0 respecter la confidentialit\u00e9 des renseignements personnels que nous collectons.<\/span><\/div><div>\u00a0<\/div><div><strong>Collecte des renseignements personnels<\/strong><\/div><div>Nous collectons les renseignements suivants\u00a0:<\/div><div>Nom<br \/>Pr\u00e9nom<br \/>Adresse postale<br \/>Code postal<br \/>Adresse \u00e9lectronique<br \/>Num\u00e9ro de t\u00e9l\u00e9phone<\/div><div>\u00a0<\/div><div>Les renseignements personnels que nous collectons sont recueillis au travers de formulaires et gr\u00e2ce \u00e0 l&rsquo;interactivit\u00e9 \u00e9tablie entre vous et notre site Web. Nous utilisons \u00e9galement, comme indiqu\u00e9 dans la section suivante, des fichiers t\u00e9moins et\/ou journaux pour r\u00e9unir des informations vous concernant.<\/div><div>Formulaires\u00a0 et interactivit\u00e9:Vos renseignements personnels sont collect\u00e9s par le biais de formulaire, \u00e0 savoir\u00a0:<\/div><div>Formulaire d&rsquo;inscription au site Web<\/div><div>\u00a0<\/div><div>Nous utilisons les renseignements ainsi collect\u00e9s pour les finalit\u00e9s suivantes\u00a0:<\/div><div>Contact<\/div><div>\u00a0<\/div><div>Vos renseignements sont \u00e9galement collect\u00e9s par le biais de l&rsquo;interactivit\u00e9 pouvant s&rsquo;\u00e9tablir entre vous et notre site Web et ce, de la fa\u00e7on suivante:<\/div><div><p>Contact<\/p><p>Nous utilisons les renseignements ainsi collect\u00e9s pour les finalit\u00e9s suivantes\u00a0:<\/p><p>Fichiers journaux et t\u00e9moins<\/p><p>Nous recueillons certaines informations par le biais de fichiers journaux (log file) et de fichiers t\u00e9moins (cookies). Il s&rsquo;agit principalement des informations suivantes\u00a0:<\/p><p>Adresse IP<\/p><p>Le recours \u00e0 de tels fichiers nous permet\u00a0:<\/p><p><strong>Droit d&rsquo;opposition et de retrait<\/strong><\/p><p>Nous nous engageons \u00e0 vous offrir un droit d&rsquo;opposition et de retrait quant \u00e0 vos renseignements personnels.<\/p><\/div><div>Le droit d&rsquo;opposition s&rsquo;entend comme \u00e9tant la possibilit\u00e9 offerte aux internautes de refuser que leurs renseignements personnels soient utilis\u00e9es \u00e0 certaines fins mentionn\u00e9es lors de la collecte.Le droit de retrait s&rsquo;entend comme \u00e9tant la possibilit\u00e9 offerte aux internautes de demander \u00e0 ce que leurs renseignements personnels ne figurent plus, par exemple, dans une liste de diffusion.<\/div><div>\u00a0<\/div><div>\u00a0<\/div><div><strong>Pour pouvoir exercer ces droits, vous pouvez\u00a0:<\/strong><\/div><div><p>Code postal :<\/p><div><div><div class=\"vk_sh vk_bk\"><div class=\"aiAXrc\">rue De l\u2019H\u00e9m\u00e9rocalle Granby, Qc, J2H3E9<\/div><\/div><\/div><\/div><p><span id=\"wb_uid10\">Courriel : <a href=\"mailto:constructionsodyssees@videotron.ca\">constructionsodyssees@videotron.ca<\/a><br \/>T\u00e9l\u00e9phone : <a href=\"tel:+14507762676\">450-776-2676<\/a><br \/>Section du site web : logementsgranbyodyssees.com<br \/><\/span><\/p><\/div><div>\u00a0<\/div><div><p><span id=\"wb_uid10\"><strong>Droit d&rsquo;acc\u00e8s<\/strong><\/span><\/p><p>Nous nous engageons \u00e0 reconna\u00eetre un droit d&rsquo;acc\u00e8s et de rectification aux personnes concern\u00e9es d\u00e9sireuses de consulter, modifier, voire radier les informations les concernant.<\/p><\/div><div><p>L&rsquo;exercice de ce droit se fera\u00a0:<br \/>Code postal :<\/p><div><div><div class=\"vk_sh vk_bk\"><div class=\"aiAXrc\"><div><div><div class=\"vk_sh vk_bk\"><div class=\"aiAXrc\">rue De l\u2019H\u00e9m\u00e9rocalle Granby, Qc, J2H3E9<\/div><\/div><\/div><\/div><p><span id=\"wb_uid10\">Courriel : <a href=\"mailto:constructionsodyssees@videotron.ca\">constructionsodyssees@videotron.ca<\/a><br \/>T\u00e9l\u00e9phone : <a href=\"tel:+14507762676\">450-776-2676<\/a><br \/>Section du site web : logementsgranbyodyssees.com<\/span><\/p><\/div><\/div><\/div><\/div><\/div><div>\u00a0<\/div><div><p><span id=\"wb_uid10\"><strong>S\u00e9curit\u00e9<\/strong><\/span><\/p><p>Les renseignements personnels que nous collectons sont conserv\u00e9s dans un environnement s\u00e9curis\u00e9. Les personnes travaillant pour nous sont tenues de respecter la confidentialit\u00e9 de vos informations.<\/p><\/div><div>Pour assurer la s\u00e9curit\u00e9 de vos renseignements personnels, nous avons recours aux mesures suivantes\u00a0:<\/div><div>Gestion des acc\u00e8s &#8211; personne autoris\u00e9e<br \/>D\u00e9veloppement de certificat num\u00e9rique<br \/>Identifiant \/ mot de passe<\/div><div>\u00a0<\/div><div>Nous nous engageons \u00e0 maintenir un haut degr\u00e9 de confidentialit\u00e9 en int\u00e9grant les derni\u00e8res innovations technologiques permettant d&rsquo;assurer la confidentialit\u00e9 de vos transactions. Toutefois, comme aucun m\u00e9canisme n&rsquo;offre une s\u00e9curit\u00e9 maximale, une part de risque est toujours pr\u00e9sente lorsque l&rsquo;on utilise Internet pour transmettre des renseignements personnels.<\/div><div>\u00a0<\/div><div><strong>Label<\/strong><\/div><div><p>Nos engagements en mati\u00e8re de protection des renseignements personnels r\u00e9pondent aux exigences du programme suivant\u00a0:https:\/\/www.comodo.com<\/p><p><strong>L\u00e9gislation<\/strong><\/p><p>Nous nous engageons \u00e0 respecter les dispositions l\u00e9gislatives \u00e9nonc\u00e9es dans\u00a0:<br \/>Canada<\/p><\/div>\t\t\t\t\t\t\t\t<\/div>\n\t\t\t\t<\/div>\n\t\t\t\t\t<\/div>\n\t\t<\/div>\n\t\t\t\t\t<\/div>\n\t\t<\/section>\n\t\t\t\t<section class=\"elementor-section elementor-top-section elementor-element elementor-element-7d0010c elementor-section-boxed elementor-section-height-default elementor-section-height-default\" data-id=\"7d0010c\" data-element_type=\"section\" data-e-type=\"section\">\n\t\t\t\t\t\t<div class=\"elementor-container elementor-column-gap-default\">\n\t\t\t\t\t<div class=\"elementor-column elementor-col-100 elementor-top-column elementor-element elementor-element-67b1b51\" data-id=\"67b1b51\" data-element_type=\"column\" data-e-type=\"column\">\n\t\t\t<div class=\"elementor-widget-wrap\">\n\t\t\t\t\t\t\t<\/div>\n\t\t<\/div>\n\t\t\t\t\t<\/div>\n\t\t<\/section>\n\t\t\t\t<\/div>","protected":false},"excerpt":{"rendered":"<p>IntroductionDevant le d\u00e9veloppement des nouveaux outils de communication, il est n\u00e9cessaire de porter une attention particuli\u00e8re \u00e0 la protection de la vie priv\u00e9e. C&rsquo;est pourquoi, nous nous engageons \u00e0 respecter la confidentialit\u00e9 des renseignements personnels que nous collectons.\u00a0Collecte des renseignements personnelsNous collectons les renseignements suivants\u00a0:NomPr\u00e9nomAdresse postaleCode postalAdresse \u00e9lectroniqueNum\u00e9ro de t\u00e9l\u00e9phone\u00a0Les renseignements personnels que nous collectons [&hellip;]<\/p>","protected":false},"author":1,"featured_media":0,"parent":0,"menu_order":0,"comment_status":"closed","ping_status":"closed","template":"elementor_header_footer","meta":{"footnotes":""},"class_list":["post-6980","page","type-page","status-publish","hentry"],"yoast_head":"<!-- This site is optimized with the Yoast SEO plugin v27.4 - https:\/\/yoast.com\/product\/yoast-seo-wordpress\/ -->\n<title>Politique de confidentialit\u00e9 - Location de logements de qualit\u00e9 \u00e0 Granby \u2013 Les logements Odyss\u00e9es<\/title>\n<meta name=\"robots\" content=\"index, follow, max-snippet:-1, max-image-preview:large, max-video-preview:-1\" \/>\n<link rel=\"canonical\" href=\"https:\/\/www.logementsgranbyodyssees.com\/fr\/politique-de-confidentialite\/\" \/>\n<meta property=\"og:locale\" content=\"fr_FR\" \/>\n<meta property=\"og:type\" content=\"article\" \/>\n<meta property=\"og:title\" content=\"Politique de confidentialit\u00e9 - Location de logements de qualit\u00e9 \u00e0 Granby \u2013 Les logements Odyss\u00e9es\" \/>\n<meta property=\"og:description\" content=\"IntroductionDevant le d\u00e9veloppement des nouveaux outils de communication, il est n\u00e9cessaire de porter une attention particuli\u00e8re \u00e0 la protection de la vie priv\u00e9e. C&rsquo;est pourquoi, nous nous engageons \u00e0 respecter la confidentialit\u00e9 des renseignements personnels que nous collectons.\u00a0Collecte des renseignements personnelsNous collectons les renseignements suivants\u00a0:NomPr\u00e9nomAdresse postaleCode postalAdresse \u00e9lectroniqueNum\u00e9ro de t\u00e9l\u00e9phone\u00a0Les renseignements personnels que nous collectons [&hellip;]\" \/>\n<meta property=\"og:url\" content=\"https:\/\/www.logementsgranbyodyssees.com\/fr\/politique-de-confidentialite\/\" \/>\n<meta property=\"og:site_name\" content=\"Location de logements de qualit\u00e9 \u00e0 Granby \u2013 Les logements Odyss\u00e9es\" \/>\n<meta property=\"article:modified_time\" content=\"2024-09-19T18:21:02+00:00\" \/>\n<meta name=\"twitter:card\" content=\"summary_large_image\" \/>\n<meta name=\"twitter:label1\" content=\"Dur\u00e9e de lecture estim\u00e9e\" \/>\n\t<meta name=\"twitter:data1\" content=\"3 minutes\" \/>\n<script type=\"application\/ld+json\" class=\"yoast-schema-graph\">{\"@context\":\"https:\\\/\\\/schema.org\",\"@graph\":[{\"@type\":\"WebPage\",\"@id\":\"https:\\\/\\\/www.logementsgranbyodyssees.com\\\/politique-de-confidentialite\\\/\",\"url\":\"https:\\\/\\\/www.logementsgranbyodyssees.com\\\/politique-de-confidentialite\\\/\",\"name\":\"Politique de confidentialit\u00e9 - Location de logements de qualit\u00e9 \u00e0 Granby \u2013 Les logements Odyss\u00e9es\",\"isPartOf\":{\"@id\":\"https:\\\/\\\/www.logementsgranbyodyssees.com\\\/#website\"},\"datePublished\":\"2024-09-19T18:14:28+00:00\",\"dateModified\":\"2024-09-19T18:21:02+00:00\",\"breadcrumb\":{\"@id\":\"https:\\\/\\\/www.logementsgranbyodyssees.com\\\/politique-de-confidentialite\\\/#breadcrumb\"},\"inLanguage\":\"fr-FR\",\"potentialAction\":[{\"@type\":\"ReadAction\",\"target\":[\"https:\\\/\\\/www.logementsgranbyodyssees.com\\\/politique-de-confidentialite\\\/\"]}]},{\"@type\":\"BreadcrumbList\",\"@id\":\"https:\\\/\\\/www.logementsgranbyodyssees.com\\\/politique-de-confidentialite\\\/#breadcrumb\",\"itemListElement\":[{\"@type\":\"ListItem\",\"position\":1,\"name\":\"Accueil\",\"item\":\"https:\\\/\\\/www.logementsgranbyodyssees.com\\\/\"},{\"@type\":\"ListItem\",\"position\":2,\"name\":\"Politique de confidentialit\u00e9\"}]},{\"@type\":\"WebSite\",\"@id\":\"https:\\\/\\\/www.logementsgranbyodyssees.com\\\/#website\",\"url\":\"https:\\\/\\\/www.logementsgranbyodyssees.com\\\/\",\"name\":\"Location de logements de qualit\u00e9 \u00e0 Granby \u2013 Les logements Odyss\u00e9es\",\"description\":\"\",\"potentialAction\":[{\"@type\":\"SearchAction\",\"target\":{\"@type\":\"EntryPoint\",\"urlTemplate\":\"https:\\\/\\\/www.logementsgranbyodyssees.com\\\/?s={search_term_string}\"},\"query-input\":{\"@type\":\"PropertyValueSpecification\",\"valueRequired\":true,\"valueName\":\"search_term_string\"}}],\"inLanguage\":\"fr-FR\"}]}<\/script>\n<!-- \/ Yoast SEO plugin. -->","yoast_head_json":{"title":"Politique de confidentialit\u00e9 - Location de logements de qualit\u00e9 \u00e0 Granby \u2013 Les logements Odyss\u00e9es","robots":{"index":"index","follow":"follow","max-snippet":"max-snippet:-1","max-image-preview":"max-image-preview:large","max-video-preview":"max-video-preview:-1"},"canonical":"https:\/\/www.logementsgranbyodyssees.com\/fr\/politique-de-confidentialite\/","og_locale":"fr_FR","og_type":"article","og_title":"Politique de confidentialit\u00e9 - Location de logements de qualit\u00e9 \u00e0 Granby \u2013 Les logements Odyss\u00e9es","og_description":"IntroductionDevant le d\u00e9veloppement des nouveaux outils de communication, il est n\u00e9cessaire de porter une attention particuli\u00e8re \u00e0 la protection de la vie priv\u00e9e. C&rsquo;est pourquoi, nous nous engageons \u00e0 respecter la confidentialit\u00e9 des renseignements personnels que nous collectons.\u00a0Collecte des renseignements personnelsNous collectons les renseignements suivants\u00a0:NomPr\u00e9nomAdresse postaleCode postalAdresse \u00e9lectroniqueNum\u00e9ro de t\u00e9l\u00e9phone\u00a0Les renseignements personnels que nous collectons [&hellip;]","og_url":"https:\/\/www.logementsgranbyodyssees.com\/fr\/politique-de-confidentialite\/","og_site_name":"Location de logements de qualit\u00e9 \u00e0 Granby \u2013 Les logements Odyss\u00e9es","article_modified_time":"2024-09-19T18:21:02+00:00","twitter_card":"summary_large_image","twitter_misc":{"Dur\u00e9e de lecture estim\u00e9e":"3 minutes"},"schema":{"@context":"https:\/\/schema.org","@graph":[{"@type":"WebPage","@id":"https:\/\/www.logementsgranbyodyssees.com\/politique-de-confidentialite\/","url":"https:\/\/www.logementsgranbyodyssees.com\/politique-de-confidentialite\/","name":"Politique de confidentialit\u00e9 - Location de logements de qualit\u00e9 \u00e0 Granby \u2013 Les logements Odyss\u00e9es","isPartOf":{"@id":"https:\/\/www.logementsgranbyodyssees.com\/#website"},"datePublished":"2024-09-19T18:14:28+00:00","dateModified":"2024-09-19T18:21:02+00:00","breadcrumb":{"@id":"https:\/\/www.logementsgranbyodyssees.com\/politique-de-confidentialite\/#breadcrumb"},"inLanguage":"fr-FR","potentialAction":[{"@type":"ReadAction","target":["https:\/\/www.logementsgranbyodyssees.com\/politique-de-confidentialite\/"]}]},{"@type":"BreadcrumbList","@id":"https:\/\/www.logementsgranbyodyssees.com\/politique-de-confidentialite\/#breadcrumb","itemListElement":[{"@type":"ListItem","position":1,"name":"Accueil","item":"https:\/\/www.logementsgranbyodyssees.com\/"},{"@type":"ListItem","position":2,"name":"Politique de confidentialit\u00e9"}]},{"@type":"WebSite","@id":"https:\/\/www.logementsgranbyodyssees.com\/#website","url":"https:\/\/www.logementsgranbyodyssees.com\/","name":"Location de logements de qualit\u00e9 \u00e0 Granby \u2013 Les logements Odyss\u00e9es","description":"","potentialAction":[{"@type":"SearchAction","target":{"@type":"EntryPoint","urlTemplate":"https:\/\/www.logementsgranbyodyssees.com\/?s={search_term_string}"},"query-input":{"@type":"PropertyValueSpecification","valueRequired":true,"valueName":"search_term_string"}}],"inLanguage":"fr-FR"}]}},"_links":{"self":[{"href":"https:\/\/www.logementsgranbyodyssees.com\/fr\/wp-json\/wp\/v2\/pages\/6980","targetHints":{"allow":["GET"]}}],"collection":[{"href":"https:\/\/www.logementsgranbyodyssees.com\/fr\/wp-json\/wp\/v2\/pages"}],"about":[{"href":"https:\/\/www.logementsgranbyodyssees.com\/fr\/wp-json\/wp\/v2\/types\/page"}],"author":[{"embeddable":true,"href":"https:\/\/www.logementsgranbyodyssees.com\/fr\/wp-json\/wp\/v2\/users\/1"}],"replies":[{"embeddable":true,"href":"https:\/\/www.logementsgranbyodyssees.com\/fr\/wp-json\/wp\/v2\/comments?post=6980"}],"version-history":[{"count":5,"href":"https:\/\/www.logementsgranbyodyssees.com\/fr\/wp-json\/wp\/v2\/pages\/6980\/revisions"}],"predecessor-version":[{"id":6986,"href":"https:\/\/www.logementsgranbyodyssees.com\/fr\/wp-json\/wp\/v2\/pages\/6980\/revisions\/6986"}],"wp:attachment":[{"href":"https:\/\/www.logementsgranbyodyssees.com\/fr\/wp-json\/wp\/v2\/media?parent=6980"}],"curies":[{"name":"wp","href":"https:\/\/api.w.org\/{rel}","templated":true}]}}