{"id":177,"date":"2016-12-02T02:27:28","date_gmt":"2016-12-02T02:27:28","guid":{"rendered":"https:\/\/beyot.g5plus.net\/elementor\/main\/?page_id=177"},"modified":"2024-09-08T09:14:55","modified_gmt":"2024-09-08T13:14:55","slug":"nous-contacter","status":"publish","type":"page","link":"https:\/\/www.logementsgranbyodyssees.com\/fr\/nous-contacter\/","title":{"rendered":"Nous contacter"},"content":{"rendered":"<div data-elementor-type=\"wp-page\" data-elementor-id=\"177\" class=\"elementor elementor-177\" data-elementor-post-type=\"page\">\n\t\t\t\t\t\t<section class=\"elementor-section elementor-top-section elementor-element elementor-element-6243cd5bb6255 elementor-section-boxed elementor-section-height-default elementor-section-height-default\" data-id=\"6243cd5bb6255\" data-element_type=\"section\" data-e-type=\"section\">\n\t\t\t\t\t\t<div class=\"elementor-container elementor-column-gap-default\">\n\t\t\t\t\t<div class=\"elementor-column elementor-col-50 elementor-top-column elementor-element elementor-element-bc88ad3\" data-id=\"bc88ad3\" data-element_type=\"column\" data-e-type=\"column\">\n\t\t\t<div class=\"elementor-widget-wrap elementor-element-populated\">\n\t\t\t\t\t\t<div class=\"elementor-element elementor-element-50a70c8 elementor-widget elementor-widget-ube-heading\" data-id=\"50a70c8\" data-element_type=\"widget\" data-e-type=\"widget\" data-widget_type=\"ube-heading.default\">\n\t\t\t\t<div class=\"elementor-widget-container\">\n\t\t\t\t\t<div class=\"ube-heading\">\n\t<h2 class=\"ube-heading-title\">Information de contact<\/h2><\/div>\t\t\t\t<\/div>\n\t\t\t\t<\/div>\n\t\t\t\t<div class=\"elementor-element elementor-element-3ea4e9b elementor-view-stacked ube-position-left elementor-grid-1 elementor-shape-circle elementor-widget elementor-widget-ube-advanced-icon-box\" data-id=\"3ea4e9b\" data-element_type=\"widget\" data-e-type=\"widget\" data-widget_type=\"ube-advanced-icon-box.default\">\n\t\t\t\t<div class=\"elementor-widget-container\">\n\t\t\t\t\t\t\t<div class=\"elementor-grid ube-advanced-icon-box\">\n\t\t\t\t\t\t\t\t\t\t\t<div class=\"elementor-grid-item elementor-repeater-item-6b0d99d\">\n\t\t\t\t<div class=\"ube-icon-box-wrapper\">\n\t<div class=\"ube-icon-box\">\n\t\t\t\t\t<div class=\"ube-ib-icon\">\n\t\t\t\t<span class=\"elementor-icon\"><i aria-hidden=\"true\" class=\"icon icon-location22\"><\/i><\/span>\t\t\t<\/div>\n\t\t\t\t\t\t\t<div class=\"ube-ib-content\">\n\t\t\t\t<h3 class=\"ube-ib-title mb-0\"><span >Si\u00e8ge social<\/span><\/h3>\t\t\t\t\t\t\t\t\t<div class=\"ube-ib-desc mb-0\">rue De l\u2019H\u00e9m\u00e9rocalle Granby, Qc, J2H3E9<\/div>\n\t\t\t\t\t\t\t<\/div>\n\t\t\t<\/div>\n\t<\/div>\n\n\t\t\t<\/div>\n\t\t\t\t\t\t\t\t<div class=\"elementor-grid-item elementor-repeater-item-b957f0e\">\n\t\t\t\t<div class=\"ube-icon-box-wrapper\">\n\t<div class=\"ube-icon-box\">\n\t\t\t\t\t<div class=\"ube-ib-icon\">\n\t\t\t\t<a class=\"elementor-icon\" href=\"tel:+14507762676\"><i aria-hidden=\"true\" class=\"fas fa-phone\"><\/i><\/a>\t\t\t<\/div>\n\t\t\t\t\t\t\t<div class=\"ube-ib-content\">\n\t\t\t\t<h3 class=\"ube-ib-title mb-0\"><a href=\"tel:+14507762676\">T\u00e9l\u00e9phone<\/a><\/h3>\t\t\t\t\t\t\t\t\t<div class=\"ube-ib-desc mb-0\">450-776-2676<\/div>\n\t\t\t\t\t\t\t<\/div>\n\t\t\t<\/div>\n\t<\/div>\n\n\t\t\t<\/div>\n\t\t\t\t\t\t\t\t<div class=\"elementor-grid-item elementor-repeater-item-da81d76\">\n\t\t\t\t<div class=\"ube-icon-box-wrapper\">\n\t<div class=\"ube-icon-box\">\n\t\t\t\t\t<div class=\"ube-ib-icon\">\n\t\t\t\t<a class=\"elementor-icon\" href=\"mailto:constructionsodyssees@videotron.ca\"><i aria-hidden=\"true\" class=\"icon icon-mail-envelope-open2\"><\/i><\/a>\t\t\t<\/div>\n\t\t\t\t\t\t\t<div class=\"ube-ib-content\">\n\t\t\t\t<h3 class=\"ube-ib-title mb-0\"><a href=\"mailto:constructionsodyssees@videotron.ca\">Adresse Courriel<\/a><\/h3>\t\t\t\t\t\t\t\t\t<div class=\"ube-ib-desc mb-0\">constructionsodyssees@videotron.ca<\/div>\n\t\t\t\t\t\t\t<\/div>\n\t\t\t<\/div>\n\t<\/div>\n\n\t\t\t<\/div>\n\t\t\t\t\t\t<\/div>\n\t\t\t\t\t\t<\/div>\n\t\t\t\t<\/div>\n\t\t\t\t<div class=\"elementor-element elementor-element-27ad2e1 elementor-widget elementor-widget-text-editor\" data-id=\"27ad2e1\" data-element_type=\"widget\" data-e-type=\"widget\" data-widget_type=\"text-editor.default\">\n\t\t\t\t<div class=\"elementor-widget-container\">\n\t\t\t\t\t\t\t\t\t<iframe src=\"https:\/\/www.google.com\/maps\/embed?pb=!1m18!1m12!1m3!1d2535.3389903408806!2d-72.69461662372967!3d45.39641657107299!2m3!1f0!2f0!3f0!3m2!1i1024!2i768!4f13.1!3m3!1m2!1s0x4cc9d1db9d817501%3A0xac3a0f4bca6a1551!2sRue%20de%20l&#39;H%C3%A9m%C3%A9rocalle%2C%20Granby%2C%20QC!5e1!3m2!1sen!2sca!4v1725801271384!5m2!1sen!2sca\" width=\"500\" height=\"350\" style=\"border:0;\" allowfullscreen=\"\" loading=\"lazy\" referrerpolicy=\"no-referrer-when-downgrade\"><\/iframe>\t\t\t\t\t\t\t\t<\/div>\n\t\t\t\t<\/div>\n\t\t\t\t\t<\/div>\n\t\t<\/div>\n\t\t\t\t<div class=\"elementor-column elementor-col-50 elementor-top-column elementor-element elementor-element-7012d9e\" data-id=\"7012d9e\" data-element_type=\"column\" data-e-type=\"column\">\n\t\t\t<div class=\"elementor-widget-wrap elementor-element-populated\">\n\t\t\t\t\t\t<div class=\"elementor-element elementor-element-d86f14f elementor-widget elementor-widget-ube-heading\" data-id=\"d86f14f\" data-element_type=\"widget\" data-e-type=\"widget\" data-widget_type=\"ube-heading.default\">\n\t\t\t\t<div class=\"elementor-widget-container\">\n\t\t\t\t\t<div class=\"ube-heading ube-heading-divider-after\">\n\t<h2 class=\"ube-heading-title\">Nous \u00e9crire<\/h2><div class=\"ube-heading-divider\"><\/div><\/div>\t\t\t\t<\/div>\n\t\t\t\t<\/div>\n\t\t\t\t<div class=\"elementor-element elementor-element-60e5464 elementor-widget elementor-widget-wpforms\" data-id=\"60e5464\" data-element_type=\"widget\" data-e-type=\"widget\" data-widget_type=\"wpforms.default\">\n\t\t\t\t<div class=\"elementor-widget-container\">\n\t\t\t\t\t<style id=\"wpforms-css-vars-root\">\n\t\t\t\t:root {\n\t\t\t\t\t--wpforms-field-border-radius: 3px;\n--wpforms-field-background-color: #ffffff;\n--wpforms-field-border-color: rgba( 0, 0, 0, 0.25 );\n--wpforms-field-text-color: rgba( 0, 0, 0, 0.7 );\n--wpforms-label-color: rgba( 0, 0, 0, 0.85 );\n--wpforms-label-sublabel-color: rgba( 0, 0, 0, 0.55 );\n--wpforms-label-error-color: #d63637;\n--wpforms-button-border-radius: 3px;\n--wpforms-button-background-color: #066aab;\n--wpforms-button-text-color: #ffffff;\n--wpforms-field-size-input-height: 43px;\n--wpforms-field-size-input-spacing: 15px;\n--wpforms-field-size-font-size: 16px;\n--wpforms-field-size-line-height: 19px;\n--wpforms-field-size-padding-h: 14px;\n--wpforms-field-size-checkbox-size: 16px;\n--wpforms-field-size-sublabel-spacing: 5px;\n--wpforms-field-size-icon-size: 1;\n--wpforms-label-size-font-size: 16px;\n--wpforms-label-size-line-height: 19px;\n--wpforms-label-size-sublabel-font-size: 14px;\n--wpforms-label-size-sublabel-line-height: 17px;\n--wpforms-button-size-font-size: 17px;\n--wpforms-button-size-height: 41px;\n--wpforms-button-size-padding-h: 15px;\n--wpforms-button-size-margin-top: 10px;\n\n\t\t\t\t}\n\t\t\t<\/style><style id=\"wpforms-css-vars-elementor-widget-60e5464\">\n\t\t\t\t.elementor-widget-wpforms.elementor-element-60e5464 {\n\t\t\t\t\t--wpforms-field-size-input-height: 43px;\n--wpforms-field-size-input-spacing: 15px;\n--wpforms-field-size-font-size: 16px;\n--wpforms-field-size-line-height: 19px;\n--wpforms-field-size-padding-h: 14px;\n--wpforms-field-size-checkbox-size: 16px;\n--wpforms-field-size-sublabel-spacing: 5px;\n--wpforms-field-size-icon-size: 1;\n--wpforms-label-size-font-size: 16px;\n--wpforms-label-size-line-height: 19px;\n--wpforms-label-size-sublabel-font-size: 14px;\n--wpforms-label-size-sublabel-line-height: 17px;\n--wpforms-button-size-font-size: 17px;\n--wpforms-button-size-height: 41px;\n--wpforms-button-size-padding-h: 15px;\n--wpforms-button-size-margin-top: 10px;\n\n\t\t\t\t}\n\t\t\t<\/style><div class=\"wpforms-container wpforms-container-full wpforms-render-modern\" id=\"wpforms-6381\"><form id=\"wpforms-form-6381\" class=\"wpforms-validate wpforms-form wpforms-ajax-form\" data-formid=\"6381\" method=\"post\" enctype=\"multipart\/form-data\" action=\"\/fr\/wp-json\/wp\/v2\/pages\/177\" data-token=\"c66c302e8f8d56b9cd16132d810fdedb\" data-trp-original-action=\"\/fr\/wp-json\/wp\/v2\/pages\/177\"><noscript class=\"wpforms-error-noscript\">Veuillez activer JavaScript dans votre navigateur pour remplir ce formulaire.<\/noscript><div class=\"wpforms-hidden\" id=\"wpforms-error-noscript\">Veuillez activer JavaScript dans votre navigateur pour remplir ce formulaire.<\/div><div class=\"wpforms-field-container\"><div id=\"wpforms-6381-field_3-container\" class=\"wpforms-field wpforms-field-text\" data-field-id=\"3\"><label class=\"wpforms-field-label\" for=\"wpforms-6381-field_3\">Pr\u00e9nom et nom de famille <span class=\"wpforms-required-label\" aria-hidden=\"true\">*<\/span><\/label><input type=\"text\" id=\"wpforms-6381-field_3\" class=\"wpforms-field-large wpforms-field-required\" name=\"wpforms[fields][3]\" aria-errormessage=\"wpforms-6381-field_3-error\" required><\/div><div id=\"wpforms-6381-field_1-container\" class=\"wpforms-field wpforms-field-email\" data-field-id=\"1\"><label class=\"wpforms-field-label\" for=\"wpforms-6381-field_1\">Email <span class=\"wpforms-required-label\" aria-hidden=\"true\">*<\/span><\/label><input type=\"email\" id=\"wpforms-6381-field_1\" class=\"wpforms-field-large wpforms-field-required\" name=\"wpforms[fields][1]\" spellcheck=\"false\" aria-errormessage=\"wpforms-6381-field_1-error\" required><\/div><div id=\"wpforms-6381-field_4-container\" class=\"wpforms-field wpforms-field-phone\" data-field-id=\"4\"><label class=\"wpforms-field-label\" for=\"wpforms-6381-field_4\">T\u00e9l\u00e9phone<\/label><input type=\"tel\" id=\"wpforms-6381-field_4\" class=\"wpforms-field-large\" data-rule-int-phone-field=\"true\" name=\"wpforms[fields][4]\" aria-errormessage=\"wpforms-6381-field_4-error\" ><\/div><div id=\"wpforms-6381-field_2-container\" class=\"wpforms-field wpforms-field-textarea\" data-field-id=\"2\"><label class=\"wpforms-field-label\" for=\"wpforms-6381-field_2\">Commentaire ou message<\/label><textarea id=\"wpforms-6381-field_2\" class=\"wpforms-field-large\" name=\"wpforms[fields][2]\" aria-errormessage=\"wpforms-6381-field_2-error\" ><\/textarea><\/div><\/div><!-- .wpforms-field-container --><div class=\"wpforms-submit-container\" ><input type=\"hidden\" name=\"wpforms[id]\" value=\"6381\"><input type=\"hidden\" name=\"wpforms[author]\" value=\"1\"><button type=\"submit\" name=\"wpforms[submit]\" id=\"wpforms-submit-6381\" class=\"wpforms-submit\" data-alt-text=\"En cours d&#039;envoi...\" data-submit-text=\"Envoyer\" aria-live=\"assertive\" value=\"wpforms-submit\">Envoyer<\/button><img decoding=\"async\" src=\"https:\/\/www.logementsgranbyodyssees.com\/wp-content\/plugins\/wpforms\/assets\/images\/submit-spin.svg\" class=\"wpforms-submit-spinner\" style=\"display: none;\" width=\"26\" height=\"26\" alt=\"Chargement en cours\"><\/div><input type=\"hidden\" id=\"ct_checkjs_wpforms_051e4e127b92f5d98d3c79b195f2b291\" name=\"ct_checkjs_wpforms\" value=\"0\" \/><script>setTimeout(function(){var ct_input_name = \"ct_checkjs_wpforms_051e4e127b92f5d98d3c79b195f2b291\";if (document.getElementById(ct_input_name) !== null) {var ct_input_value = document.getElementById(ct_input_name).value;document.getElementById(ct_input_name).value = document.getElementById(ct_input_name).value.replace(ct_input_value, '281898879');}}, 1000);<\/script><input\n                    class=\"apbct_special_field apbct_email_id__wp_wpforms\"\n                    name=\"apbct__email_id__wp_wpforms\"\n                    aria-label=\"apbct__label_id__wp_wpforms\"\n                    type=\"text\" size=\"30\" maxlength=\"200\" autocomplete=\"off\"\n                    value=\"\"\n                \/><input type=\"hidden\" name=\"trp-form-language\" value=\"fr\"\/><\/form><\/div>  <!-- .wpforms-container -->\t\t\t\t<\/div>\n\t\t\t\t<\/div>\n\t\t\t\t\t<\/div>\n\t\t<\/div>\n\t\t\t\t\t<\/div>\n\t\t<\/section>\n\t\t\t\t<\/div>","protected":false},"excerpt":{"rendered":"<p>Information de contact Si\u00e8ge social rue De l\u2019H\u00e9m\u00e9rocalle Granby, Qc, J2H3E9 T\u00e9l\u00e9phone 450-776-2676 Adresse Courriel constructionsodyssees@videotron.ca Nous \u00e9crire Please enable JavaScript in your browser to complete this form.Please enable JavaScript in your browser to complete this form.Pr\u00e9nom et nom de famille *Email *T\u00e9l\u00e9phoneCommentaire ou message Envoyer<\/p>","protected":false},"author":1,"featured_media":0,"parent":0,"menu_order":0,"comment_status":"closed","ping_status":"closed","template":"elementor_header_footer","meta":{"footnotes":""},"class_list":["post-177","page","type-page","status-publish","hentry"],"yoast_head":"<!-- This site is optimized with the Yoast SEO plugin v27.4 - https:\/\/yoast.com\/product\/yoast-seo-wordpress\/ -->\n<title>Nous contacter - Location de logements de qualit\u00e9 \u00e0 Granby \u2013 Les logements Odyss\u00e9es<\/title>\n<meta name=\"robots\" content=\"index, follow, max-snippet:-1, max-image-preview:large, max-video-preview:-1\" \/>\n<link rel=\"canonical\" href=\"https:\/\/www.logementsgranbyodyssees.com\/fr\/nous-contacter\/\" \/>\n<meta property=\"og:locale\" content=\"fr_FR\" \/>\n<meta property=\"og:type\" content=\"article\" \/>\n<meta property=\"og:title\" content=\"Nous contacter - Location de logements de qualit\u00e9 \u00e0 Granby \u2013 Les logements Odyss\u00e9es\" \/>\n<meta property=\"og:description\" content=\"Information de contact Si\u00e8ge social rue De l\u2019H\u00e9m\u00e9rocalle Granby, Qc, J2H3E9 T\u00e9l\u00e9phone 450-776-2676 Adresse Courriel constructionsodyssees@videotron.ca Nous \u00e9crire Please enable JavaScript in your browser to complete this form.Please enable JavaScript in your browser to complete this form.Pr\u00e9nom et nom de famille *Email *T\u00e9l\u00e9phoneCommentaire ou message Envoyer\" \/>\n<meta property=\"og:url\" content=\"https:\/\/www.logementsgranbyodyssees.com\/fr\/nous-contacter\/\" \/>\n<meta property=\"og:site_name\" content=\"Location de logements de qualit\u00e9 \u00e0 Granby \u2013 Les logements Odyss\u00e9es\" \/>\n<meta property=\"article:modified_time\" content=\"2024-09-08T13:14:55+00:00\" \/>\n<meta property=\"og:image\" content=\"https:\/\/pascalcaillens.com\/odyssees\/wp-content\/plugins\/wpforms\/assets\/images\/submit-spin.svg\" \/>\n<meta name=\"twitter:card\" content=\"summary_large_image\" \/>\n<script type=\"application\/ld+json\" class=\"yoast-schema-graph\">{\"@context\":\"https:\\\/\\\/schema.org\",\"@graph\":[{\"@type\":\"WebPage\",\"@id\":\"https:\\\/\\\/www.logementsgranbyodyssees.com\\\/nous-contacter\\\/\",\"url\":\"https:\\\/\\\/www.logementsgranbyodyssees.com\\\/nous-contacter\\\/\",\"name\":\"Nous contacter - Location de logements de qualit\u00e9 \u00e0 Granby \u2013 Les logements Odyss\u00e9es\",\"isPartOf\":{\"@id\":\"https:\\\/\\\/www.logementsgranbyodyssees.com\\\/#website\"},\"primaryImageOfPage\":{\"@id\":\"https:\\\/\\\/www.logementsgranbyodyssees.com\\\/nous-contacter\\\/#primaryimage\"},\"image\":{\"@id\":\"https:\\\/\\\/www.logementsgranbyodyssees.com\\\/nous-contacter\\\/#primaryimage\"},\"thumbnailUrl\":\"https:\\\/\\\/pascalcaillens.com\\\/odyssees\\\/wp-content\\\/plugins\\\/wpforms\\\/assets\\\/images\\\/submit-spin.svg\",\"datePublished\":\"2016-12-02T02:27:28+00:00\",\"dateModified\":\"2024-09-08T13:14:55+00:00\",\"breadcrumb\":{\"@id\":\"https:\\\/\\\/www.logementsgranbyodyssees.com\\\/nous-contacter\\\/#breadcrumb\"},\"inLanguage\":\"fr-FR\",\"potentialAction\":[{\"@type\":\"ReadAction\",\"target\":[\"https:\\\/\\\/www.logementsgranbyodyssees.com\\\/nous-contacter\\\/\"]}]},{\"@type\":\"ImageObject\",\"inLanguage\":\"fr-FR\",\"@id\":\"https:\\\/\\\/www.logementsgranbyodyssees.com\\\/nous-contacter\\\/#primaryimage\",\"url\":\"https:\\\/\\\/pascalcaillens.com\\\/odyssees\\\/wp-content\\\/plugins\\\/wpforms\\\/assets\\\/images\\\/submit-spin.svg\",\"contentUrl\":\"https:\\\/\\\/pascalcaillens.com\\\/odyssees\\\/wp-content\\\/plugins\\\/wpforms\\\/assets\\\/images\\\/submit-spin.svg\"},{\"@type\":\"BreadcrumbList\",\"@id\":\"https:\\\/\\\/www.logementsgranbyodyssees.com\\\/nous-contacter\\\/#breadcrumb\",\"itemListElement\":[{\"@type\":\"ListItem\",\"position\":1,\"name\":\"Accueil\",\"item\":\"https:\\\/\\\/www.logementsgranbyodyssees.com\\\/\"},{\"@type\":\"ListItem\",\"position\":2,\"name\":\"Nous contacter\"}]},{\"@type\":\"WebSite\",\"@id\":\"https:\\\/\\\/www.logementsgranbyodyssees.com\\\/#website\",\"url\":\"https:\\\/\\\/www.logementsgranbyodyssees.com\\\/\",\"name\":\"Location de logements de qualit\u00e9 \u00e0 Granby \u2013 Les logements Odyss\u00e9es\",\"description\":\"\",\"potentialAction\":[{\"@type\":\"SearchAction\",\"target\":{\"@type\":\"EntryPoint\",\"urlTemplate\":\"https:\\\/\\\/www.logementsgranbyodyssees.com\\\/?s={search_term_string}\"},\"query-input\":{\"@type\":\"PropertyValueSpecification\",\"valueRequired\":true,\"valueName\":\"search_term_string\"}}],\"inLanguage\":\"fr-FR\"}]}<\/script>\n<!-- \/ Yoast SEO plugin. -->","yoast_head_json":{"title":"Nous contacter - Location de logements de qualit\u00e9 \u00e0 Granby \u2013 Les logements Odyss\u00e9es","robots":{"index":"index","follow":"follow","max-snippet":"max-snippet:-1","max-image-preview":"max-image-preview:large","max-video-preview":"max-video-preview:-1"},"canonical":"https:\/\/www.logementsgranbyodyssees.com\/fr\/nous-contacter\/","og_locale":"fr_FR","og_type":"article","og_title":"Nous contacter - Location de logements de qualit\u00e9 \u00e0 Granby \u2013 Les logements Odyss\u00e9es","og_description":"Information de contact Si\u00e8ge social rue De l\u2019H\u00e9m\u00e9rocalle Granby, Qc, J2H3E9 T\u00e9l\u00e9phone 450-776-2676 Adresse Courriel constructionsodyssees@videotron.ca Nous \u00e9crire Please enable JavaScript in your browser to complete this form.Please enable JavaScript in your browser to complete this form.Pr\u00e9nom et nom de famille *Email *T\u00e9l\u00e9phoneCommentaire ou message Envoyer","og_url":"https:\/\/www.logementsgranbyodyssees.com\/fr\/nous-contacter\/","og_site_name":"Location de logements de qualit\u00e9 \u00e0 Granby \u2013 Les logements Odyss\u00e9es","article_modified_time":"2024-09-08T13:14:55+00:00","og_image":[{"url":"https:\/\/pascalcaillens.com\/odyssees\/wp-content\/plugins\/wpforms\/assets\/images\/submit-spin.svg","type":"","width":"","height":""}],"twitter_card":"summary_large_image","schema":{"@context":"https:\/\/schema.org","@graph":[{"@type":"WebPage","@id":"https:\/\/www.logementsgranbyodyssees.com\/nous-contacter\/","url":"https:\/\/www.logementsgranbyodyssees.com\/nous-contacter\/","name":"Nous contacter - Location de logements de qualit\u00e9 \u00e0 Granby \u2013 Les logements Odyss\u00e9es","isPartOf":{"@id":"https:\/\/www.logementsgranbyodyssees.com\/#website"},"primaryImageOfPage":{"@id":"https:\/\/www.logementsgranbyodyssees.com\/nous-contacter\/#primaryimage"},"image":{"@id":"https:\/\/www.logementsgranbyodyssees.com\/nous-contacter\/#primaryimage"},"thumbnailUrl":"https:\/\/pascalcaillens.com\/odyssees\/wp-content\/plugins\/wpforms\/assets\/images\/submit-spin.svg","datePublished":"2016-12-02T02:27:28+00:00","dateModified":"2024-09-08T13:14:55+00:00","breadcrumb":{"@id":"https:\/\/www.logementsgranbyodyssees.com\/nous-contacter\/#breadcrumb"},"inLanguage":"fr-FR","potentialAction":[{"@type":"ReadAction","target":["https:\/\/www.logementsgranbyodyssees.com\/nous-contacter\/"]}]},{"@type":"ImageObject","inLanguage":"fr-FR","@id":"https:\/\/www.logementsgranbyodyssees.com\/nous-contacter\/#primaryimage","url":"https:\/\/pascalcaillens.com\/odyssees\/wp-content\/plugins\/wpforms\/assets\/images\/submit-spin.svg","contentUrl":"https:\/\/pascalcaillens.com\/odyssees\/wp-content\/plugins\/wpforms\/assets\/images\/submit-spin.svg"},{"@type":"BreadcrumbList","@id":"https:\/\/www.logementsgranbyodyssees.com\/nous-contacter\/#breadcrumb","itemListElement":[{"@type":"ListItem","position":1,"name":"Accueil","item":"https:\/\/www.logementsgranbyodyssees.com\/"},{"@type":"ListItem","position":2,"name":"Nous contacter"}]},{"@type":"WebSite","@id":"https:\/\/www.logementsgranbyodyssees.com\/#website","url":"https:\/\/www.logementsgranbyodyssees.com\/","name":"Location de logements de qualit\u00e9 \u00e0 Granby \u2013 Les logements Odyss\u00e9es","description":"","potentialAction":[{"@type":"SearchAction","target":{"@type":"EntryPoint","urlTemplate":"https:\/\/www.logementsgranbyodyssees.com\/?s={search_term_string}"},"query-input":{"@type":"PropertyValueSpecification","valueRequired":true,"valueName":"search_term_string"}}],"inLanguage":"fr-FR"}]}},"_links":{"self":[{"href":"https:\/\/www.logementsgranbyodyssees.com\/fr\/wp-json\/wp\/v2\/pages\/177","targetHints":{"allow":["GET"]}}],"collection":[{"href":"https:\/\/www.logementsgranbyodyssees.com\/fr\/wp-json\/wp\/v2\/pages"}],"about":[{"href":"https:\/\/www.logementsgranbyodyssees.com\/fr\/wp-json\/wp\/v2\/types\/page"}],"author":[{"embeddable":true,"href":"https:\/\/www.logementsgranbyodyssees.com\/fr\/wp-json\/wp\/v2\/users\/1"}],"replies":[{"embeddable":true,"href":"https:\/\/www.logementsgranbyodyssees.com\/fr\/wp-json\/wp\/v2\/comments?post=177"}],"version-history":[{"count":28,"href":"https:\/\/www.logementsgranbyodyssees.com\/fr\/wp-json\/wp\/v2\/pages\/177\/revisions"}],"predecessor-version":[{"id":6636,"href":"https:\/\/www.logementsgranbyodyssees.com\/fr\/wp-json\/wp\/v2\/pages\/177\/revisions\/6636"}],"wp:attachment":[{"href":"https:\/\/www.logementsgranbyodyssees.com\/fr\/wp-json\/wp\/v2\/media?parent=177"}],"curies":[{"name":"wp","href":"https:\/\/api.w.org\/{rel}","templated":true}]}}