{"id":1002,"date":"2017-02-10T07:56:25","date_gmt":"2017-02-10T07:56:25","guid":{"rendered":"https:\/\/beyot.g5plus.net\/elementor\/main\/?page_id=1002"},"modified":"2025-09-17T15:56:26","modified_gmt":"2025-09-17T19:56:26","slug":"a-propos","status":"publish","type":"page","link":"https:\/\/www.logementsgranbyodyssees.com\/fr\/a-propos\/","title":{"rendered":"\u00c0 propos"},"content":{"rendered":"<div data-elementor-type=\"wp-page\" data-elementor-id=\"1002\" class=\"elementor elementor-1002\" data-elementor-post-type=\"page\">\n\t\t\t\t\t\t<section class=\"elementor-section elementor-top-section elementor-element elementor-element-6243cbb4c562f elementor-section-boxed elementor-section-height-default elementor-section-height-default\" data-id=\"6243cbb4c562f\" data-element_type=\"section\" data-e-type=\"section\">\n\t\t\t\t\t\t<div class=\"elementor-container elementor-column-gap-default\">\n\t\t\t\t\t<div class=\"elementor-column elementor-col-50 elementor-top-column elementor-element elementor-element-f7911ad\" data-id=\"f7911ad\" data-element_type=\"column\" data-e-type=\"column\">\n\t\t\t<div class=\"elementor-widget-wrap elementor-element-populated\">\n\t\t\t\t\t\t<div class=\"elementor-element elementor-element-315cb6b elementor-widget elementor-widget-ube-heading\" data-id=\"315cb6b\" data-element_type=\"widget\" data-e-type=\"widget\" data-widget_type=\"ube-heading.default\">\n\t\t\t\t<div class=\"elementor-widget-container\">\n\t\t\t\t\t<div class=\"ube-heading\">\n\t<h2 class=\"ube-heading-title\">Qui sommes-nous?<br>\n <\/h2><div class=\"ube-heading-description\"><p>Entreprise familiale fond\u00e9e en 1998, Les logements Odyss\u00e9es ont toujours poursuivi le m\u00eame but d' offrir des logements de qualit\u00e9 \u00e0 nos locataires.<\/p><\/div><\/div>\t\t\t\t<\/div>\n\t\t\t\t<\/div>\n\t\t\t\t<div class=\"elementor-element elementor-element-c7fc914 elementor-widget elementor-widget-ube-heading\" data-id=\"c7fc914\" data-element_type=\"widget\" data-e-type=\"widget\" data-widget_type=\"ube-heading.default\">\n\t\t\t\t<div class=\"elementor-widget-container\">\n\t\t\t\t\t<div class=\"ube-heading\">\n\t<div class=\"ube-heading-description\"><p data-start=\"1607\" data-end=\"1788\">Chez <strong data-start=\"1612\" data-end=\"1638\">Les logements Odyss\u00e9es<\/strong>, notre mission est de proposer des <strong data-start=\"1674\" data-end=\"1716\">logements locatifs de qualit\u00e9 \u00e0 Granby<\/strong>, pens\u00e9s pour offrir confort, praticit\u00e9 et bien-\u00eatre \u00e0 nos locataires.<\/p><p data-start=\"1790\" data-end=\"2014\">Nous croyons que trouver un <strong data-start=\"1818\" data-end=\"1850\">appartement \u00e0 louer \u00e0 Granby<\/strong> ne devrait pas \u00eatre compliqu\u00e9. C\u2019est pourquoi nous mettons \u00e0 votre disposition une s\u00e9lection de logements modernes, adapt\u00e9s \u00e0 diff\u00e9rents budgets et modes de vie.<\/p><p data-start=\"2016\" data-end=\"2033\">Nos priorit\u00e9s :<\/p><ul data-start=\"2034\" data-end=\"2286\"><li data-start=\"2034\" data-end=\"2111\"><p data-start=\"2036\" data-end=\"2111\">Offrir des <strong data-start=\"2047\" data-end=\"2077\">logements \u00e0 louer \u00e0 Granby<\/strong> bien situ\u00e9s et faciles d\u2019acc\u00e8s.<\/p><\/li><li data-start=\"2112\" data-end=\"2183\"><p data-start=\"2114\" data-end=\"2183\">Mettre en avant des appartements propres, lumineux et s\u00e9curitaires.<\/p><\/li><li data-start=\"2184\" data-end=\"2286\"><p data-start=\"2186\" data-end=\"2286\">R\u00e9pondre aux besoins des familles et travailleurs \u00e0 la recherche d\u2019un logement durable.<\/p><\/li><\/ul><p data-start=\"2288\" data-end=\"2395\">Avec <strong data-start=\"2293\" data-end=\"2319\">Les logements Odyss\u00e9es<\/strong>, louer un appartement \u00e0 Granby devient une exp\u00e9rience simple et agr\u00e9able.<\/p><\/div><\/div>\t\t\t\t<\/div>\n\t\t\t\t<\/div>\n\t\t\t\t\t<\/div>\n\t\t<\/div>\n\t\t\t\t<div class=\"elementor-column elementor-col-50 elementor-top-column elementor-element elementor-element-94a55a8\" data-id=\"94a55a8\" data-element_type=\"column\" data-e-type=\"column\">\n\t\t\t<div class=\"elementor-widget-wrap elementor-element-populated\">\n\t\t\t\t\t\t<div class=\"elementor-element elementor-element-51b666b elementor-widget elementor-widget-image\" data-id=\"51b666b\" data-element_type=\"widget\" data-e-type=\"widget\" data-widget_type=\"image.default\">\n\t\t\t\t<div class=\"elementor-widget-container\">\n\t\t\t\t\t\t\t\t\t\t\t\t\t\t\t<img fetchpriority=\"high\" decoding=\"async\" width=\"2560\" height=\"1920\" src=\"https:\/\/www.logementsgranbyodyssees.com\/wp-content\/uploads\/2024\/09\/Photo-2023-11-08-14-44-57-scaled.jpg\" class=\"attachment-full size-full wp-image-6690\" alt=\"\" srcset=\"https:\/\/www.logementsgranbyodyssees.com\/wp-content\/uploads\/2024\/09\/Photo-2023-11-08-14-44-57-scaled.jpg 2560w, https:\/\/www.logementsgranbyodyssees.com\/wp-content\/uploads\/2024\/09\/Photo-2023-11-08-14-44-57-300x225.jpg 300w, https:\/\/www.logementsgranbyodyssees.com\/wp-content\/uploads\/2024\/09\/Photo-2023-11-08-14-44-57-1024x768.jpg 1024w, https:\/\/www.logementsgranbyodyssees.com\/wp-content\/uploads\/2024\/09\/Photo-2023-11-08-14-44-57-768x576.jpg 768w, https:\/\/www.logementsgranbyodyssees.com\/wp-content\/uploads\/2024\/09\/Photo-2023-11-08-14-44-57-1536x1152.jpg 1536w, https:\/\/www.logementsgranbyodyssees.com\/wp-content\/uploads\/2024\/09\/Photo-2023-11-08-14-44-57-2048x1536.jpg 2048w, https:\/\/www.logementsgranbyodyssees.com\/wp-content\/uploads\/2024\/09\/Photo-2023-11-08-14-44-57-16x12.jpg 16w\" sizes=\"(max-width: 2560px) 100vw, 2560px\" \/>\t\t\t\t\t\t\t\t\t\t\t\t\t\t\t<\/div>\n\t\t\t\t<\/div>\n\t\t\t\t\t<\/div>\n\t\t<\/div>\n\t\t\t\t\t<\/div>\n\t\t<\/section>\n\t\t\t\t<\/div>","protected":false},"excerpt":{"rendered":"<p>Qui sommes-nous? Entreprise familiale fond\u00e9e en 1998, Les logements Odyss\u00e9es ont toujours poursuivi le m\u00eame but d&rsquo; offrir des logements de qualit\u00e9 \u00e0 nos locataires. Chez Les logements Odyss\u00e9es, notre mission est de proposer des logements locatifs de qualit\u00e9 \u00e0 Granby, pens\u00e9s pour offrir confort, praticit\u00e9 et bien-\u00eatre \u00e0 nos locataires. Nous croyons que trouver [&hellip;]<\/p>","protected":false},"author":1,"featured_media":0,"parent":0,"menu_order":0,"comment_status":"closed","ping_status":"closed","template":"elementor_header_footer","meta":{"footnotes":""},"class_list":["post-1002","page","type-page","status-publish","hentry"],"yoast_head":"<!-- This site is optimized with the Yoast SEO plugin v27.4 - https:\/\/yoast.com\/product\/yoast-seo-wordpress\/ -->\n<title>\u00c0 propos - Location de logements de qualit\u00e9 \u00e0 Granby \u2013 Les logements Odyss\u00e9es<\/title>\n<meta name=\"description\" content=\"Les logements Odyss\u00e9es offrent des appartements de qualit\u00e9 \u00e0 Granby. Logements modernes, lumineux et bien situ\u00e9s pour familles, \u00e9tudiants et professionnels.\" \/>\n<meta name=\"robots\" content=\"index, follow, max-snippet:-1, max-image-preview:large, max-video-preview:-1\" \/>\n<link rel=\"canonical\" href=\"https:\/\/www.logementsgranbyodyssees.com\/fr\/a-propos\/\" \/>\n<meta property=\"og:locale\" content=\"fr_FR\" \/>\n<meta property=\"og:type\" content=\"article\" \/>\n<meta property=\"og:title\" content=\"\u00c0 propos - Location de logements de qualit\u00e9 \u00e0 Granby \u2013 Les logements Odyss\u00e9es\" \/>\n<meta property=\"og:description\" content=\"Les logements Odyss\u00e9es offrent des appartements de qualit\u00e9 \u00e0 Granby. Logements modernes, lumineux et bien situ\u00e9s pour familles, \u00e9tudiants et professionnels.\" \/>\n<meta property=\"og:url\" content=\"https:\/\/www.logementsgranbyodyssees.com\/fr\/a-propos\/\" \/>\n<meta property=\"og:site_name\" content=\"Location de logements de qualit\u00e9 \u00e0 Granby \u2013 Les logements Odyss\u00e9es\" \/>\n<meta property=\"article:modified_time\" content=\"2025-09-17T19:56:26+00:00\" \/>\n<meta property=\"og:image\" content=\"https:\/\/www.logementsgranbyodyssees.com\/wp-content\/uploads\/2024\/09\/Photo-2023-11-08-14-44-57-scaled.jpg\" \/>\n\t<meta property=\"og:image:width\" content=\"2560\" \/>\n\t<meta property=\"og:image:height\" content=\"1920\" \/>\n\t<meta property=\"og:image:type\" content=\"image\/jpeg\" \/>\n<meta name=\"twitter:card\" content=\"summary_large_image\" \/>\n<meta name=\"twitter:label1\" content=\"Dur\u00e9e de lecture estim\u00e9e\" \/>\n\t<meta name=\"twitter:data1\" content=\"1 minute\" \/>\n<script type=\"application\/ld+json\" class=\"yoast-schema-graph\">{\"@context\":\"https:\\\/\\\/schema.org\",\"@graph\":[{\"@type\":\"WebPage\",\"@id\":\"https:\\\/\\\/www.logementsgranbyodyssees.com\\\/a-propos\\\/\",\"url\":\"https:\\\/\\\/www.logementsgranbyodyssees.com\\\/a-propos\\\/\",\"name\":\"\u00c0 propos - Location de logements de qualit\u00e9 \u00e0 Granby \u2013 Les logements Odyss\u00e9es\",\"isPartOf\":{\"@id\":\"https:\\\/\\\/www.logementsgranbyodyssees.com\\\/#website\"},\"primaryImageOfPage\":{\"@id\":\"https:\\\/\\\/www.logementsgranbyodyssees.com\\\/a-propos\\\/#primaryimage\"},\"image\":{\"@id\":\"https:\\\/\\\/www.logementsgranbyodyssees.com\\\/a-propos\\\/#primaryimage\"},\"thumbnailUrl\":\"https:\\\/\\\/www.logementsgranbyodyssees.com\\\/wp-content\\\/uploads\\\/2024\\\/09\\\/Photo-2023-11-08-14-44-57-scaled.jpg\",\"datePublished\":\"2017-02-10T07:56:25+00:00\",\"dateModified\":\"2025-09-17T19:56:26+00:00\",\"description\":\"Les logements Odyss\u00e9es offrent des appartements de qualit\u00e9 \u00e0 Granby. Logements modernes, lumineux et bien situ\u00e9s pour familles, \u00e9tudiants et professionnels.\",\"breadcrumb\":{\"@id\":\"https:\\\/\\\/www.logementsgranbyodyssees.com\\\/a-propos\\\/#breadcrumb\"},\"inLanguage\":\"fr-FR\",\"potentialAction\":[{\"@type\":\"ReadAction\",\"target\":[\"https:\\\/\\\/www.logementsgranbyodyssees.com\\\/a-propos\\\/\"]}]},{\"@type\":\"ImageObject\",\"inLanguage\":\"fr-FR\",\"@id\":\"https:\\\/\\\/www.logementsgranbyodyssees.com\\\/a-propos\\\/#primaryimage\",\"url\":\"https:\\\/\\\/www.logementsgranbyodyssees.com\\\/wp-content\\\/uploads\\\/2024\\\/09\\\/Photo-2023-11-08-14-44-57-scaled.jpg\",\"contentUrl\":\"https:\\\/\\\/www.logementsgranbyodyssees.com\\\/wp-content\\\/uploads\\\/2024\\\/09\\\/Photo-2023-11-08-14-44-57-scaled.jpg\"},{\"@type\":\"BreadcrumbList\",\"@id\":\"https:\\\/\\\/www.logementsgranbyodyssees.com\\\/a-propos\\\/#breadcrumb\",\"itemListElement\":[{\"@type\":\"ListItem\",\"position\":1,\"name\":\"Accueil\",\"item\":\"https:\\\/\\\/www.logementsgranbyodyssees.com\\\/\"},{\"@type\":\"ListItem\",\"position\":2,\"name\":\"\u00c0 propos\"}]},{\"@type\":\"WebSite\",\"@id\":\"https:\\\/\\\/www.logementsgranbyodyssees.com\\\/#website\",\"url\":\"https:\\\/\\\/www.logementsgranbyodyssees.com\\\/\",\"name\":\"Location de logements de qualit\u00e9 \u00e0 Granby \u2013 Les logements Odyss\u00e9es\",\"description\":\"\",\"potentialAction\":[{\"@type\":\"SearchAction\",\"target\":{\"@type\":\"EntryPoint\",\"urlTemplate\":\"https:\\\/\\\/www.logementsgranbyodyssees.com\\\/?s={search_term_string}\"},\"query-input\":{\"@type\":\"PropertyValueSpecification\",\"valueRequired\":true,\"valueName\":\"search_term_string\"}}],\"inLanguage\":\"fr-FR\"}]}<\/script>\n<!-- \/ Yoast SEO plugin. -->","yoast_head_json":{"title":"\u00c0 propos - Location de logements de qualit\u00e9 \u00e0 Granby \u2013 Les logements Odyss\u00e9es","description":"Les logements Odyss\u00e9es offrent des appartements de qualit\u00e9 \u00e0 Granby. Logements modernes, lumineux et bien situ\u00e9s pour familles, \u00e9tudiants et professionnels.","robots":{"index":"index","follow":"follow","max-snippet":"max-snippet:-1","max-image-preview":"max-image-preview:large","max-video-preview":"max-video-preview:-1"},"canonical":"https:\/\/www.logementsgranbyodyssees.com\/fr\/a-propos\/","og_locale":"fr_FR","og_type":"article","og_title":"\u00c0 propos - Location de logements de qualit\u00e9 \u00e0 Granby \u2013 Les logements Odyss\u00e9es","og_description":"Les logements Odyss\u00e9es offrent des appartements de qualit\u00e9 \u00e0 Granby. Logements modernes, lumineux et bien situ\u00e9s pour familles, \u00e9tudiants et professionnels.","og_url":"https:\/\/www.logementsgranbyodyssees.com\/fr\/a-propos\/","og_site_name":"Location de logements de qualit\u00e9 \u00e0 Granby \u2013 Les logements Odyss\u00e9es","article_modified_time":"2025-09-17T19:56:26+00:00","og_image":[{"width":2560,"height":1920,"url":"https:\/\/www.logementsgranbyodyssees.com\/wp-content\/uploads\/2024\/09\/Photo-2023-11-08-14-44-57-scaled.jpg","type":"image\/jpeg"}],"twitter_card":"summary_large_image","twitter_misc":{"Dur\u00e9e de lecture estim\u00e9e":"1 minute"},"schema":{"@context":"https:\/\/schema.org","@graph":[{"@type":"WebPage","@id":"https:\/\/www.logementsgranbyodyssees.com\/a-propos\/","url":"https:\/\/www.logementsgranbyodyssees.com\/a-propos\/","name":"\u00c0 propos - Location de logements de qualit\u00e9 \u00e0 Granby \u2013 Les logements Odyss\u00e9es","isPartOf":{"@id":"https:\/\/www.logementsgranbyodyssees.com\/#website"},"primaryImageOfPage":{"@id":"https:\/\/www.logementsgranbyodyssees.com\/a-propos\/#primaryimage"},"image":{"@id":"https:\/\/www.logementsgranbyodyssees.com\/a-propos\/#primaryimage"},"thumbnailUrl":"https:\/\/www.logementsgranbyodyssees.com\/wp-content\/uploads\/2024\/09\/Photo-2023-11-08-14-44-57-scaled.jpg","datePublished":"2017-02-10T07:56:25+00:00","dateModified":"2025-09-17T19:56:26+00:00","description":"Les logements Odyss\u00e9es offrent des appartements de qualit\u00e9 \u00e0 Granby. Logements modernes, lumineux et bien situ\u00e9s pour familles, \u00e9tudiants et professionnels.","breadcrumb":{"@id":"https:\/\/www.logementsgranbyodyssees.com\/a-propos\/#breadcrumb"},"inLanguage":"fr-FR","potentialAction":[{"@type":"ReadAction","target":["https:\/\/www.logementsgranbyodyssees.com\/a-propos\/"]}]},{"@type":"ImageObject","inLanguage":"fr-FR","@id":"https:\/\/www.logementsgranbyodyssees.com\/a-propos\/#primaryimage","url":"https:\/\/www.logementsgranbyodyssees.com\/wp-content\/uploads\/2024\/09\/Photo-2023-11-08-14-44-57-scaled.jpg","contentUrl":"https:\/\/www.logementsgranbyodyssees.com\/wp-content\/uploads\/2024\/09\/Photo-2023-11-08-14-44-57-scaled.jpg"},{"@type":"BreadcrumbList","@id":"https:\/\/www.logementsgranbyodyssees.com\/a-propos\/#breadcrumb","itemListElement":[{"@type":"ListItem","position":1,"name":"Accueil","item":"https:\/\/www.logementsgranbyodyssees.com\/"},{"@type":"ListItem","position":2,"name":"\u00c0 propos"}]},{"@type":"WebSite","@id":"https:\/\/www.logementsgranbyodyssees.com\/#website","url":"https:\/\/www.logementsgranbyodyssees.com\/","name":"Location de logements de qualit\u00e9 \u00e0 Granby \u2013 Les logements Odyss\u00e9es","description":"","potentialAction":[{"@type":"SearchAction","target":{"@type":"EntryPoint","urlTemplate":"https:\/\/www.logementsgranbyodyssees.com\/?s={search_term_string}"},"query-input":{"@type":"PropertyValueSpecification","valueRequired":true,"valueName":"search_term_string"}}],"inLanguage":"fr-FR"}]}},"_links":{"self":[{"href":"https:\/\/www.logementsgranbyodyssees.com\/fr\/wp-json\/wp\/v2\/pages\/1002","targetHints":{"allow":["GET"]}}],"collection":[{"href":"https:\/\/www.logementsgranbyodyssees.com\/fr\/wp-json\/wp\/v2\/pages"}],"about":[{"href":"https:\/\/www.logementsgranbyodyssees.com\/fr\/wp-json\/wp\/v2\/types\/page"}],"author":[{"embeddable":true,"href":"https:\/\/www.logementsgranbyodyssees.com\/fr\/wp-json\/wp\/v2\/users\/1"}],"replies":[{"embeddable":true,"href":"https:\/\/www.logementsgranbyodyssees.com\/fr\/wp-json\/wp\/v2\/comments?post=1002"}],"version-history":[{"count":38,"href":"https:\/\/www.logementsgranbyodyssees.com\/fr\/wp-json\/wp\/v2\/pages\/1002\/revisions"}],"predecessor-version":[{"id":7069,"href":"https:\/\/www.logementsgranbyodyssees.com\/fr\/wp-json\/wp\/v2\/pages\/1002\/revisions\/7069"}],"wp:attachment":[{"href":"https:\/\/www.logementsgranbyodyssees.com\/fr\/wp-json\/wp\/v2\/media?parent=1002"}],"curies":[{"name":"wp","href":"https:\/\/api.w.org\/{rel}","templated":true}]}}